{"id":48,"date":"2015-11-18T12:50:22","date_gmt":"2015-11-18T11:50:22","guid":{"rendered":"http:\/\/eureschule.de\/nl\/?page_id=48"},"modified":"2025-04-10T16:02:02","modified_gmt":"2025-04-10T14:02:02","slug":"schoolgemeenschap","status":"publish","type":"page","link":"https:\/\/eure-schule.de\/nl\/schoolgemeenschap\/","title":{"rendered":"Schoolgemeenschap"},"content":{"rendered":"\t\t<div data-elementor-type=\"wp-page\" data-elementor-id=\"48\" class=\"elementor elementor-48\">\n\t\t\t\t<div class=\"elementor-element elementor-element-17ccfa74 e-grid e-con-boxed e-con e-parent\" data-id=\"17ccfa74\" data-element_type=\"container\" data-e-type=\"container\">\n\t\t\t\t\t<div class=\"e-con-inner\">\n\t\t\t\t<div class=\"elementor-element elementor-element-6bb1cf49 elementor-widget elementor-widget-text-editor\" data-id=\"6bb1cf49\" data-element_type=\"widget\" data-e-type=\"widget\" data-widget_type=\"text-editor.default\">\n\t\t\t\t<div class=\"elementor-widget-container\">\n\t\t\t\t\t\t\t\t\t<h3><strong>Team<br \/><\/strong><\/h3>\t\t\t\t\t\t\t\t<\/div>\n\t\t\t\t<\/div>\n\t\t\t\t\t<\/div>\n\t\t\t\t<\/div>\n\t\t<div class=\"elementor-element elementor-element-2c971c71 e-grid e-con-boxed e-con e-parent\" data-id=\"2c971c71\" data-element_type=\"container\" data-e-type=\"container\">\n\t\t\t\t\t<div class=\"e-con-inner\">\n\t\t\t\t<div class=\"elementor-element elementor-element-7312b184 elementor-widget elementor-widget-text-editor\" data-id=\"7312b184\" data-element_type=\"widget\" data-e-type=\"widget\" data-widget_type=\"text-editor.default\">\n\t\t\t\t<div class=\"elementor-widget-container\">\n\t\t\t\t\t\t\t\t\t<h3 class=\"\" data-start=\"89\" data-end=\"127\">Unsere Website wird \u00fcberarbeitet<\/h3><p class=\"\" data-start=\"128\" data-end=\"381\">Wir arbeiten momentan an einer neuen Version unserer Website, um Ihnen bald ein noch besseres Erlebnis bieten zu k\u00f6nnen.<br data-start=\"248\" data-end=\"251\" \/>Vielen Dank f\u00fcr Ihre Geduld und Ihr Verst\u00e4ndnis.<hr class=\"\" data-start=\"383\" data-end=\"386\" \/><h3 class=\"\" data-start=\"388\" data-end=\"422\">Onze website wordt vernieuwd<\/h3><p class=\"\" data-start=\"423\" data-end=\"658\">We werken momenteel aan een nieuwe versie van onze website om u binnenkort een nog betere ervaring te kunnen bieden.<br data-start=\"539\" data-end=\"542\" \/>Bedankt voor uw geduld en begrip.<p>\u00a0\t\t\t\t\t\t\t\t<\/div>\n\t\t\t\t<\/div>\n\t\t\t\t\t<\/div>\n\t\t\t\t<\/div>\n\t\t\t\t<\/div>\n\t\t","protected":false},"excerpt":{"rendered":"<p>TeamUnsere Website wird \u00fcberarbeitetWir arbeiten momentan an einer neuen Version unserer Website, um Ihnen bald ein noch besseres Erlebnis bieten zu k\u00f6nnen.Vielen Dank f\u00fcr Ihre Geduld und Ihr Verst\u00e4ndnis.Onze website<\/p>\n","protected":false},"author":1,"featured_media":0,"parent":0,"menu_order":0,"comment_status":"closed","ping_status":"closed","template":"","meta":{"footnotes":""},"class_list":["post-48","page","type-page","status-publish","hentry"],"_links":{"self":[{"href":"https:\/\/eure-schule.de\/nl\/wp-json\/wp\/v2\/pages\/48","targetHints":{"allow":["GET"]}}],"collection":[{"href":"https:\/\/eure-schule.de\/nl\/wp-json\/wp\/v2\/pages"}],"about":[{"href":"https:\/\/eure-schule.de\/nl\/wp-json\/wp\/v2\/types\/page"}],"author":[{"embeddable":true,"href":"https:\/\/eure-schule.de\/nl\/wp-json\/wp\/v2\/users\/1"}],"replies":[{"embeddable":true,"href":"https:\/\/eure-schule.de\/nl\/wp-json\/wp\/v2\/comments?post=48"}],"version-history":[{"count":10,"href":"https:\/\/eure-schule.de\/nl\/wp-json\/wp\/v2\/pages\/48\/revisions"}],"predecessor-version":[{"id":3325,"href":"https:\/\/eure-schule.de\/nl\/wp-json\/wp\/v2\/pages\/48\/revisions\/3325"}],"wp:attachment":[{"href":"https:\/\/eure-schule.de\/nl\/wp-json\/wp\/v2\/media?parent=48"}],"curies":[{"name":"wp","href":"https:\/\/api.w.org\/{rel}","templated":true}]}}