{"id":3107,"date":"2025-04-08T12:53:02","date_gmt":"2025-04-08T10:53:02","guid":{"rendered":"https:\/\/eure-schule.de\/nl\/?page_id=3107"},"modified":"2025-04-08T16:48:25","modified_gmt":"2025-04-08T14:48:25","slug":"service","status":"publish","type":"page","link":"https:\/\/eure-schule.de\/nl\/service\/","title":{"rendered":"Service"},"content":{"rendered":"\t\t<div data-elementor-type=\"wp-page\" data-elementor-id=\"3107\" class=\"elementor elementor-3107\">\n\t\t\t\t<div class=\"elementor-element elementor-element-7a1956a2 e-grid e-con-boxed e-con e-parent\" data-id=\"7a1956a2\" data-element_type=\"container\" data-e-type=\"container\">\n\t\t\t\t\t<div class=\"e-con-inner\">\n\t\t\t\t<div class=\"elementor-element elementor-element-7ea5453 elementor-widget elementor-widget-text-editor\" data-id=\"7ea5453\" data-element_type=\"widget\" data-e-type=\"widget\" data-widget_type=\"text-editor.default\">\n\t\t\t\t<div class=\"elementor-widget-container\">\n\t\t\t\t\t\t\t\t\t<h3><strong>Service<br \/><\/strong><\/h3>\t\t\t\t\t\t\t\t<\/div>\n\t\t\t\t<\/div>\n\t\t\t\t\t<\/div>\n\t\t\t\t<\/div>\n\t\t<div class=\"elementor-element elementor-element-3748b5a3 e-grid e-con-boxed e-con e-parent\" data-id=\"3748b5a3\" data-element_type=\"container\" data-e-type=\"container\">\n\t\t\t\t\t<div class=\"e-con-inner\">\n\t\t\t\t<div class=\"elementor-element elementor-element-4c8a3b37 elementor-widget elementor-widget-text-editor\" data-id=\"4c8a3b37\" data-element_type=\"widget\" data-e-type=\"widget\" data-widget_type=\"text-editor.default\">\n\t\t\t\t<div class=\"elementor-widget-container\">\n\t\t\t\t\t\t\t\t\t<h3 class=\"\" style=\"text-align: center\" data-start=\"89\" data-end=\"127\">Unsere Website wird \u00fcberarbeitet<\/h3><p class=\"\" style=\"text-align: center\" data-start=\"128\" data-end=\"381\">Wir arbeiten momentan an einer neuen Version unserer Website, um Ihnen bald ein noch besseres Erlebnis bieten zu k\u00f6nnen.<br data-start=\"248\" data-end=\"251\" \/>Vielen Dank f\u00fcr Ihre Geduld und Ihr Verst\u00e4ndnis.<hr class=\"\" data-start=\"383\" data-end=\"386\" \/><h3 class=\"\" style=\"text-align: center\" data-start=\"388\" data-end=\"422\">Onze website wordt vernieuwd<\/h3><p class=\"\" style=\"text-align: center\" data-start=\"423\" data-end=\"658\">We werken momenteel aan een nieuwe versie van onze website om u binnenkort een nog betere ervaring te kunnen bieden.<br data-start=\"539\" data-end=\"542\" \/>Bedankt voor uw geduld en begrip.\t\t\t\t\t\t\t\t<\/div>\n\t\t\t\t<\/div>\n\t\t\t\t\t<\/div>\n\t\t\t\t<\/div>\n\t\t\t\t<\/div>\n\t\t","protected":false},"excerpt":{"rendered":"<p>ServiceUnsere Website wird \u00fcberarbeitetWir arbeiten momentan an einer neuen Version unserer Website, um Ihnen bald ein noch besseres Erlebnis bieten zu k\u00f6nnen.Vielen Dank f\u00fcr Ihre Geduld und Ihr Verst\u00e4ndnis.Onze website<\/p>\n","protected":false},"author":2,"featured_media":0,"parent":0,"menu_order":0,"comment_status":"closed","ping_status":"closed","template":"","meta":{"footnotes":""},"class_list":["post-3107","page","type-page","status-publish","hentry"],"_links":{"self":[{"href":"https:\/\/eure-schule.de\/nl\/wp-json\/wp\/v2\/pages\/3107","targetHints":{"allow":["GET"]}}],"collection":[{"href":"https:\/\/eure-schule.de\/nl\/wp-json\/wp\/v2\/pages"}],"about":[{"href":"https:\/\/eure-schule.de\/nl\/wp-json\/wp\/v2\/types\/page"}],"author":[{"embeddable":true,"href":"https:\/\/eure-schule.de\/nl\/wp-json\/wp\/v2\/users\/2"}],"replies":[{"embeddable":true,"href":"https:\/\/eure-schule.de\/nl\/wp-json\/wp\/v2\/comments?post=3107"}],"version-history":[{"count":9,"href":"https:\/\/eure-schule.de\/nl\/wp-json\/wp\/v2\/pages\/3107\/revisions"}],"predecessor-version":[{"id":3249,"href":"https:\/\/eure-schule.de\/nl\/wp-json\/wp\/v2\/pages\/3107\/revisions\/3249"}],"wp:attachment":[{"href":"https:\/\/eure-schule.de\/nl\/wp-json\/wp\/v2\/media?parent=3107"}],"curies":[{"name":"wp","href":"https:\/\/api.w.org\/{rel}","templated":true}]}}